{"id":46,"date":"2021-03-16T17:29:28","date_gmt":"2021-03-16T16:29:28","guid":{"rendered":"https:\/\/100dales.fr\/wp\/?page_id=46"},"modified":"2021-03-17T13:45:56","modified_gmt":"2021-03-17T12:45:56","slug":"cms","status":"publish","type":"page","link":"https:\/\/100dales.fr\/wp\/cms\/","title":{"rendered":"CMS"},"content":{"rendered":"\n<p>Faire une boutique, mettre \u00e0 disposition des informations, faire d\u00e9couvrir son activit\u00e9, ses loisirs.<\/p>\n\n\n\n<p>Pour faire \u00e7a, il faut un CMS (logiciel de gestion de contenu).<\/p>\n\n\n\n<p>Pour faire simple, le monde est divis\u00e9 en deux :<\/p>\n\n\n\n<ul class=\"wp-block-list\"><li>WordPress (ce site l&rsquo;utilise)<\/li><li>Joomla (ce site pourrait l&rsquo;utiliser)<\/li><\/ul>\n","protected":false},"excerpt":{"rendered":"<p>Faire une boutique, mettre \u00e0 disposition des informations, faire d\u00e9couvrir son activit\u00e9, ses loisirs. Pour faire \u00e7a, il faut un CMS (logiciel de gestion de contenu). Pour faire simple, le monde est divis\u00e9 en deux : WordPress (ce site l&rsquo;utilise) Joomla (ce site pourrait l&rsquo;utiliser)<\/p>\n","protected":false},"author":1,"featured_media":0,"parent":0,"menu_order":0,"comment_status":"closed","ping_status":"closed","template":"","meta":{"footnotes":""},"class_list":["post-46","page","type-page","status-publish","hentry"],"_links":{"self":[{"href":"https:\/\/100dales.fr\/wp\/wp-json\/wp\/v2\/pages\/46","targetHints":{"allow":["GET"]}}],"collection":[{"href":"https:\/\/100dales.fr\/wp\/wp-json\/wp\/v2\/pages"}],"about":[{"href":"https:\/\/100dales.fr\/wp\/wp-json\/wp\/v2\/types\/page"}],"author":[{"embeddable":true,"href":"https:\/\/100dales.fr\/wp\/wp-json\/wp\/v2\/users\/1"}],"replies":[{"embeddable":true,"href":"https:\/\/100dales.fr\/wp\/wp-json\/wp\/v2\/comments?post=46"}],"version-history":[{"count":3,"href":"https:\/\/100dales.fr\/wp\/wp-json\/wp\/v2\/pages\/46\/revisions"}],"predecessor-version":[{"id":88,"href":"https:\/\/100dales.fr\/wp\/wp-json\/wp\/v2\/pages\/46\/revisions\/88"}],"wp:attachment":[{"href":"https:\/\/100dales.fr\/wp\/wp-json\/wp\/v2\/media?parent=46"}],"curies":[{"name":"wp","href":"https:\/\/api.w.org\/{rel}","templated":true}]}}